{"id":62,"date":"2023-06-16T10:33:01","date_gmt":"2023-06-16T08:33:01","guid":{"rendered":"http:\/\/new.chercheurosteopathe.com\/?page_id=62"},"modified":"2023-06-16T11:05:27","modified_gmt":"2023-06-16T09:05:27","slug":"cv","status":"publish","type":"page","link":"https:\/\/www.chercheurosteopathe.com\/index.php\/cv\/","title":{"rendered":"OSTEOPATHE DO MROF expert de justice"},"content":{"rendered":"\n<div class=\"wp-block-group has-global-padding is-layout-constrained wp-block-group-is-layout-constrained\">\n<figure class=\"wp-block-image size-full\"><img loading=\"lazy\" decoding=\"async\" width=\"800\" height=\"246\" src=\"http:\/\/new.chercheurosteopathe.com\/wp-content\/uploads\/2023\/06\/CV.jpg\" alt=\"\" class=\"wp-image-78\" srcset=\"https:\/\/www.chercheurosteopathe.com\/wp-content\/uploads\/2023\/06\/CV.jpg 800w, https:\/\/www.chercheurosteopathe.com\/wp-content\/uploads\/2023\/06\/CV-300x92.jpg 300w, https:\/\/www.chercheurosteopathe.com\/wp-content\/uploads\/2023\/06\/CV-768x236.jpg 768w\" sizes=\"auto, (max-width: 800px) 100vw, 800px\" \/><\/figure>\n\n\n\n<p><strong>Activit\u00e9 lib\u00e9rale d\u2019ost\u00e9opathe exclusive.<\/strong><\/p>\n\n\n\n<p>(D\u00e9conventionn\u00e9 de la kin\u00e9sith\u00e9rapie depuis 1999 en devenant membre du R.O.F.).<\/p>\n\n\n\n<p>Engag\u00e9 dans une d\u00e9marche syndicale au S.N.O.F (Syndicat National des Ost\u00e9opathes de France) depuis 2004 pour donner \u00e0 cette profession la place qui lui est due.<\/p>\n\n\n\n<p><strong>Formation&nbsp;<\/strong><\/p>\n\n\n\n<p><strong>Baccalaur\u00e9at 1980<\/strong><\/p>\n\n\n\n<p><strong>Dipl\u00f4me d\u2019Etat de Masseur Kin\u00e9sith\u00e9rapeute en 1985&nbsp;<\/strong><\/p>\n\n\n\n<p><strong>Coll\u00e8ge d\u2019ost\u00e9opathie ATMAN&nbsp;<\/strong><\/p>\n\n\n\n<p>Dipl\u00f4mes d\u2019ost\u00e9opathie 1992<\/p>\n\n\n\n<p>Th\u00e8se en 1994 sur la pr\u00e9paration des plongeurs de la Comex pour la mission exp\u00e9rimentale en saturation \u00e0 moins 701 m\u00e8tres et en 43 jours.<\/p>\n\n\n\n<p><strong>Formations post gradu\u00e9es<\/strong><\/p>\n\n\n\n<p><strong>1995&nbsp;:&nbsp;<\/strong>Formation aux m\u00e9thodes structurelles en \u00e9tiopathie \u00e0 Gen\u00e8ve.<\/p>\n\n\n\n<p><strong>1996&nbsp;:&nbsp;<\/strong>Formation en somato-\u00e9motionnel et aux techniques faciales liquidiennes et fonctionnelles avec Fran\u00e7ois LAURENT \u00ab&nbsp;ACMOTS&nbsp;\u00bb.<\/p>\n\n\n\n<p><strong>1999&nbsp;:&nbsp;<\/strong>Formation en biodynamique avec James JEALOUS (ost\u00e9opathe am\u00e9ricain de grande renomm\u00e9e internationale).<\/p>\n\n\n\n<p><strong>2005&nbsp;:&nbsp;<\/strong>Certificat de jur\u00e9 d\u2019examen (approche pratique de la relation soignant-soign\u00e9 et des facteurs humains en ost\u00e9opathie, analyse et lecture critique des m\u00e9moires de fin d\u2019\u00e9tudes)&nbsp;<\/p>\n\n\n\n<p>Jury en \u00e9cole pour l\u2019obtention du dipl\u00f4me final (passage du DO).<\/p>\n\n\n\n<p><strong>2007&nbsp;:&nbsp;<\/strong>Certificat de \u00ab&nbsp;m\u00e9thodologie de recherche clinique appliqu\u00e9e \u00e0 l\u2019ost\u00e9opathie&nbsp;\u00bb par l\u2019Acad\u00e9mie d\u2019Ost\u00e9opathie \u00e0 Paris par Robert MESLE&nbsp;\u00bb.<\/p>\n\n\n\n<p><strong>2011&nbsp;:&nbsp;<\/strong>Certificat proc\u00e9dural \u00e0 l\u2019expertise judiciaire et formation par l\u2019UCECAAP.&nbsp;<\/p>\n\n\n\n<p>Cr\u00e9ation d\u2019une compagnie nationale des experts en m\u00e9decine ost\u00e9opathique \u00ab&nbsp;CNEJMO&nbsp;\u00bb.<\/p>\n\n\n\n<p><strong>Activit\u00e9s professionnelles<\/strong><\/p>\n\n\n\n<p><strong>1985&nbsp;:&nbsp;<\/strong>Masseur-Kin\u00e9sith\u00e9rapeute Lib\u00e9ral<\/p>\n\n\n\n<p><strong>1999&nbsp;:&nbsp;<\/strong>Ost\u00e9opathe Exclusif Lib\u00e9ral<\/p>\n\n\n\n<p><strong>1994&nbsp;\u00e0 2004&nbsp;<\/strong>: Missionn\u00e9 par le Professeur BOUYALA, Chirurgien Orthop\u00e9diste Enfant et Directeur de l\u2019\u00e9cole de kin\u00e9sith\u00e9rapie de Marseille afin d\u2019initier les \u00e9tudiants kin\u00e9sith\u00e9rapeuthes en fin de cycle \u00e0 l\u2019ost\u00e9opathie. (Cours d\u2019information dans le but de travailler en \u00e9quipe ou d\u2019entreprendre de bonnes formations)<\/p>\n\n\n\n<p><strong>1994 \u00e0 2011&nbsp;:&nbsp;<\/strong>Partenariat avec le Docteur Pierre CHRESTIAN, Chirurgien Orthop\u00e9dique Enfant, reconnu au plan national, aboutissant \u00e0 un m\u00e9moire avec Coralie Texier sur \u00ab&nbsp;l\u2019efficacit\u00e9 de l\u2019ost\u00e9opathie sur les douleurs post traumatiques de l\u2019enfant&nbsp;\u00bb et avec lequel j\u2019ai organis\u00e9 les symposiums en 2010 et 2011 sur les savoirs partag\u00e9s autour de l\u2019enfant de la grossesse \u00e0 la croissance.<\/p>\n\n\n\n<p><strong>2002 \u00e0 2011&nbsp;: Formations de jeunes ost\u00e9opathes dipl\u00f4m\u00e9s (COMPAGNONNAGE ET RECHERCHE)&nbsp;: &nbsp;<\/strong><\/p>\n\n\n\n<p><strong>2004&nbsp;:<\/strong>&nbsp;Tuteur de m\u00e9moire de fin d\u2019\u00e9tudes de Johann RAVOTEUR, \u00ab&nbsp;Traitement des douleurs lombo-pelviennes chez la femme enceinte par la th\u00e9rapie des caissons&nbsp;\u00bb.&nbsp;<\/p>\n\n\n\n<p>Tuteur de m\u00e9moire de fin d\u2019\u00e9tudes de Fabien MERCATELLO \u00ab&nbsp;Int\u00e9r\u00eat d\u2019un stage professionnalisant au sein de la formation initiale des ost\u00e9opathes&nbsp;\u00bb.<\/p>\n\n\n\n<p><strong>2005&nbsp;:<\/strong>&nbsp;Tuteur de m\u00e9moire de fin d\u2019\u00e9tudes de Patrice ROS \u00ab&nbsp;Exp\u00e9rience comparative de tests faciaux \u00e0 deux praticiens&nbsp;\u00bb.<\/p>\n\n\n\n<p>Tuteur de m\u00e9moire de fin d\u2019\u00e9tudes de Gregory GITZHOFER \u00ab&nbsp;Recherche de lecture des interactions entre les troubles psychiques et les r\u00e9ponses somatiques&nbsp;\u00bb.<\/p>\n\n\n\n<p><strong>2006&nbsp;:<\/strong>&nbsp;Tuteur de m\u00e9moire de fin d\u2019\u00e9tudes de Melle D. \u00ab&nbsp;Exp\u00e9riences ost\u00e9opathiques en service de maternit\u00e9 aupr\u00e8s des nouveau-n\u00e9s&nbsp;\u00bb.<\/p>\n\n\n\n<p>2006 : Tuteur de m\u00e9moire de fin d\u2019\u00e9tudes de Marion LE ROLLAND avec le soutien du Docteur Patricia RICARD LEROUX, P\u00e9diatre Hom\u00e9opathe et avec l\u2019accord du comit\u00e9 \u00e9thique de l\u2019H\u00f4pital de la Timone \u00e0 Marseille sur une \u00ab&nbsp;Etude prospective \u00e0 intention de r\u00e9sultats&nbsp;: Efficacit\u00e9 des techniques visc\u00e9rales et\/ou musculo-squelettiques &nbsp; associ\u00e9es aux techniques cr\u00e2nio-sacr\u00e9e&nbsp;\u00bb sur 148 nourrissons atteints de RGO.<\/p>\n\n\n\n<p><strong>2007&nbsp;:<\/strong>&nbsp;Tuteur de m\u00e9moire de fin d\u2019\u00e9tudes de Mathieu SCHMITT en collaboration avec le Docteur J.Y. ARLAUD, Chirurgien Orthop\u00e9dique du Membre Inf\u00e9rieur \u00e0 Marseille sur&nbsp;: \u00ab&nbsp;Les s\u00e9quelles du bassin apr\u00e8s pose de proth\u00e8se de hanches sur des patients atteints de coxarthrose&nbsp;\u00bb<\/p>\n\n\n\n<p><strong>2008&nbsp;:<\/strong>&nbsp;Tuteur de m\u00e9moire de fin d\u2019\u00e9tudes de Jeanne LEON \u00ab&nbsp;Approche globale ost\u00e9opathique de patients atteints de sinusite chronique&nbsp;\u00bb.<\/p>\n\n\n\n<p>Tuteur de m\u00e9moire de fin d\u2019\u00e9tudes de C\u00e9dric GUIRBAL \u00ab Influence des cicatrices sur les fascias et la mobilit\u00e9 articulaire&nbsp;\u00bb.<\/p>\n\n\n\n<p><strong>2009&nbsp;:<\/strong>&nbsp;Stage et compagnonnage avec Melle Morgane LE FOL sur le th\u00e8me \u00ab\u00a0L&rsquo;ost\u00e9opathie et le torticolis cong\u00e9nital du nourrisson\u00a0\u00bb.<\/p>\n\n\n\n<p><strong>2010&nbsp;:<\/strong>&nbsp;Tuteur de m\u00e9moire de fin d\u2019\u00e9tudes de Romain DIOT sur \u00ab&nbsp;la probl\u00e9matique de l\u2019objectivation en ost\u00e9opathie&nbsp;\u00bb devenu mon assistant apr\u00e8s son stage de 2 ans.&nbsp;<\/p>\n\n\n\n<p><strong>Etude clinique en cours, commenc\u00e9e en 2010, avec Alix MARGNAT sur l\u2019\u00e9paule douloureuse en collaboration avec les Docteurs&nbsp;Renaud GRAVIER et St\u00e9phane AIRAUDI, Chirurgiens Orthop\u00e9diques du Membre Sup\u00e9rieur.<\/strong><\/p>\n\n\n\n<p><strong>2008 \u00e0 2010<\/strong>&nbsp;: Membre de la Commission R\u00e9gionale d\u2019Agr\u00e9ment Provence Alpes C\u00f4te d\u2019Azur (CRA\/PACA) pour la d\u00e9livrance des autorisations d\u2019user du titre d\u2019ost\u00e9opathe.<\/p>\n\n\n\n<p>2011 \u00e0 2013&nbsp;: Formation \u00e0 l\u2019expertise \/ UCECAAP avec une troisi\u00e8me ann\u00e9e, devient expert pr\u00e8s la cour d\u2019appel d\u2019Aix en Provence le 8 01 2015 apr\u00e8s 4 tentatives dans la rubrique F 08-02 h\u00e9las dans une rubrique qui ne correspond pas \u00e0 ma demande (kin\u00e9sith\u00e9rapeute r\u00e9\u00e9ducation fonctionnelle, mais (ost\u00e9opathie) en sp\u00e9cialit\u00e9 pour que les magistrats me trouve comme mon coll\u00e8gue Frank RIDEL sur Sophia Antipolis<\/p>\n\n\n\n<p>2014 congres Savoirs partages entre orthop\u00e9die et ost\u00e9opathie. \u00c9tude clinique sur les suites m\u00e9caniques du bassin apr\u00e8s pose de Proth\u00e8se de Hanches, \u00e9tude comparative sur les pathologies de l\u2019\u00e9paule, exp\u00e9rience sur 18 ans de collaboration orthop\u00e9die enfant ost\u00e9opathie.&nbsp;<\/p>\n\n\n\n<p>2015 expert de justice inscrit \u00e0 la Cour d\u2019appel d\u2019Aix en Provence comme ost\u00e9opathe dans la rubrique F -08.02<\/p>\n\n\n\n<p>Signature de convention avec le d\u00e9partement pour travailler sur les nourrissons en PMI a Marseille en \u00e9change d\u2019une \u00e9tude clinique sur la plagioc\u00e9phalie, avec Guillaume ESCALLIER en compagnonnage pour l\u2019APERO<\/p>\n\n\n\n<p>2106 mise au point de l\u2019\u00e9tude clinique sur les plagiocephalies et mesure par cr\u00e2niom\u00e8tre des cr\u00e2nes de nourrissons.&nbsp;<\/p>\n\n\n\n<p>2017 2018 2019 compagnonnage et stage en Pmi sur les nourrissons&nbsp;<\/p>\n\n\n\n<p>2020 2021 formation post gradu\u00e9e avec l\u2019IFFCO \u00e0 marseille sur mon interpr\u00e9tation du toucher ost\u00e9opathique sur nourrisson et femme enceinte \/ RGO du nourrisson et Plagiocephalie<\/p>\n\n\n\n<p><strong>Publication de travaux&nbsp;sur :&nbsp;<\/strong><\/p>\n\n\n\n<p>\u27a2&nbsp;Les sportifs avec Lo\u00efc PEYRON&nbsp;<\/p>\n\n\n\n<p>&nbsp;&nbsp; &nbsp; Pr\u00e9paration de The Race 2000 et des hommes de B. Peyron pour le troph\u00e9e Jules&nbsp; &nbsp;<\/p>\n\n\n\n<p>&nbsp;&nbsp; &nbsp; Verne 2002.<\/p>\n\n\n\n<p>&nbsp;&nbsp; &nbsp; Organisation des soins ost\u00e9opathiques au mondial ISAF \u00e0 Marseille en 2003 avec &nbsp;<\/p>\n\n\n\n<p>&nbsp;&nbsp; &nbsp; 350 patients sur une semaine avec 10 stagiaires ost\u00e9opathes.<\/p>\n\n\n\n<p>&nbsp;&nbsp; &nbsp; M\u00e9dias, films et reportages pour les 2 \u00e9v\u00e8nements.<\/p>\n\n\n\n<p>\u27a2&nbsp;Revue Ost\u00e9o n\u00b081 \/ Janvier 2009&nbsp;: \u00ab\u00a0L&rsquo;ost\u00e9opathie et le torticolis cong\u00e9nital du nourrisson\u00a0\u00bb.<\/p>\n\n\n\n<p>\u27a2&nbsp;Publication sur le site du SNOF ainsi que sur le site du Dr J.Y. ARLAUD, Chirurgien&nbsp;<\/p>\n\n\n\n<p>&nbsp; &nbsp; Orthop\u00e9dique, de l\u2019\u00e9tude sur \u00ab&nbsp;Les s\u00e9quelles du bassin apr\u00e8s pose de proth\u00e8se de hanches sur des patients atteints de coxarthrose&nbsp;\u00bb&nbsp;<\/p>\n\n\n\n<p>\u27a2&nbsp;Publication sur le site et la brochure du SNOF de l\u2019 \u00ab&nbsp;&nbsp;Etude prospective \u00e0 intention de r\u00e9sultats&nbsp;: Efficacit\u00e9 des techniques visc\u00e9rales et\/ou musculo-Squelettiques associ\u00e9es aux techniques cr\u00e2nio-sacr\u00e9e&nbsp;\u00bb avec le soutien du&nbsp;Dr Patricia RICARD LEROUX, P\u00e9diatre Hom\u00e9opathe.<\/p>\n\n\n\n<p>En attente de publication aux Etats-Unis avec J.P. BARRAL, Ost\u00e9opathe.<\/p>\n\n\n\n<p>&gt; Etude clinique sur 138 cas de nourrissons atteints de plagia c\u00e9phal\u00e9es trait\u00e9es en PMI \u00e0 Marseille&nbsp;<\/p>\n\n\n\n<p><strong>Organisation de 3 symposiums<\/strong><\/p>\n\n\n\n<p><strong>Symposium Marseille 2010&nbsp;: \u00ab&nbsp;Savoirs partag\u00e9s \/ Autour du nouveau-n\u00e9&nbsp;\u00bb&nbsp;<\/strong><\/p>\n\n\n\n<p>Sous la direction du Docteur Pierre CHRESTIAN avec la collaboration de&nbsp;:&nbsp;<\/p>\n\n\n\n<p><strong>Marie Christine MAXIMIN<\/strong>, Chirurgien Orthop\u00e9dique Enfant,&nbsp;<\/p>\n\n\n\n<p><strong>Philippe MAH\u00c9<\/strong>, M\u00e9decin Ost\u00e9opathe en service de n\u00e9onatologie, H\u00f4pital Nord de Marseille,<\/p>\n\n\n\n<p><strong>Jean-Philippe ESTRADE<\/strong>, Gyn\u00e9cologue Obst\u00e9tricien,&nbsp;<\/p>\n\n\n\n<p><strong>Patricia RICARD-LEROUX<\/strong>, P\u00e9diatre Hom\u00e9opathe,&nbsp;<\/p>\n\n\n\n<p><strong>Catherine THEVENOT,&nbsp;<\/strong>Ost\u00e9opathe D.O.,<\/p>\n\n\n\n<p><strong>Herv\u00e9 GAILLARD<\/strong>, Ost\u00e9opathe D.O.,<\/p>\n\n\n\n<p><strong>Symposium Marseille 2011&nbsp;: \u00ab&nbsp;Savoirs partag\u00e9s&nbsp;\/ Autour de l\u2019enfant&nbsp;\u00bb<\/strong><\/p>\n\n\n\n<p>Sur l\u2019influence des postures intra ut\u00e9rines, avec les docteurs&nbsp;:<\/p>\n\n\n\n<p><strong>Marie Christine MAXIMIN<\/strong>, Chirurgien Orthop\u00e9dique Enfant,<\/p>\n\n\n\n<p><strong>Philippe MAH\u00c9<\/strong>, M\u00e9decin Ost\u00e9opathe en service de n\u00e9onatologie, H\u00f4pital Nord de Marseille,<\/p>\n\n\n\n<p><strong>Edwin QUARELLO<\/strong>, Gyn\u00e9cologue-Obst\u00e9tricien, aid\u00e9 de&nbsp;<strong>Guillaume GORINCOURT<\/strong>, Radiologue P\u00e9diatre,<\/p>\n\n\n\n<p><strong>Daniel SALDUCCI<\/strong>, Ex-Kin\u00e9sith\u00e9rapeute P\u00e9diatrique en N\u00e9onatologie, Cr\u00e9atrice du Cocoonababy,<\/p>\n\n\n\n<p><strong>Roselyne LALAUZE-POL<\/strong>, Ost\u00e9opathe D.O, Consultante \u00e0 l\u2019h\u00f4pital R. DEBRE sur les enfants atteints de troubles de la face&nbsp;<\/p>\n\n\n\n<p><strong>Herv\u00e9 GAILLARD<\/strong>, Ost\u00e9opathe DO, pour \u00e9noncer les liens entre cette d\u00e9formation d\u2019origine et celle de l\u2019adolescent en passant par la scoliose.<\/p>\n\n\n\n<p><strong>Symposium Marseille 2013 \u00ab&nbsp;savoirs partag\u00e9s entre l\u2019orthop\u00e9die et l\u2019ost\u00e9opathie&nbsp;\u00bb<\/strong><\/p>\n\n\n\n<p><strong>Pierre CHRESTIAN chirurgien orthop\u00e9dique enfant \u00ab&nbsp;18 ans de correspondance&nbsp;\u00bb<\/strong><\/p>\n\n\n\n<p><strong>Marie Christine MAXIMIN Chirurgien ortho-infantile \u00ab&nbsp;le genou traumatique&nbsp;\u00bb<\/strong><\/p>\n\n\n\n<p><strong>Renaud GRAVIER St\u00e9phane AIRAUDI \u00ab&nbsp;chirurgien orthop\u00e9dique membre&nbsp;sup\u00e9rieur&nbsp;\u00bb<\/strong><\/p>\n\n\n\n<p><strong>Etude clinique quantifi\u00e9e par le score de Constant sur l\u2019efficacit\u00e9 de l\u2019ost\u00e9opathie sur l\u2019\u00e9paule douloureuse non chirurgicale avec Alix MARGNAT Ost\u00e9opathe do&nbsp;<\/strong><\/p>\n\n\n\n<p><strong>Jean Yves ARLAUD chirurgien orthop\u00e9dique du membre inf\u00e9rieur&nbsp;<\/strong><\/p>\n\n\n\n<p><strong>Efficacit\u00e9 de l\u2019ost\u00e9opathie sur le travail du bassin quantifi\u00e9 par le score EIFEL aboutissant au changement de voie d\u2019abord chirurgical par Herve GAILLARD &nbsp;<\/strong><\/p>\n\n\n\n<p><strong>Sortie du cahier orthop\u00e9die et ost\u00e9opathie&nbsp;<\/strong><\/p>\n\n\n\n<p><strong>Signature d\u2019une convention entre le conseil General PACA et l\u2019APERO association que je pr\u00e9side pour traiter en PMI des nourrissons et des mamans de fa\u00e7on \u00e0 \u00e9valuer et publier notre savoir-faire&nbsp;<\/strong><\/p>\n\n\n\n<p><strong>Expert judiciaire pr\u00e8s la Cour d\u2019Appel d\u2019AIX en PROVENCE 08 01 2015&nbsp;<\/strong><\/p>\n\n\n\n<p><strong>Loisirs<\/strong><\/p>\n\n\n\n<p>Sportif de haut niveau en r\u00e9gate avec victoire du Tour de France \u00e0 la voile en 1978 et 1991.<\/p>\n\n\n\n<p>R\u00e9gates internationales en maxi 1989 et partenaire en multicoque avec Lo\u00efc PEYRON.<\/p>\n<\/div>\n","protected":false},"excerpt":{"rendered":"<p>Activit\u00e9 lib\u00e9rale d\u2019ost\u00e9opathe exclusive. (D\u00e9conventionn\u00e9 de la kin\u00e9sith\u00e9rapie depuis 1999 en devenant membre du R.O.F.). Engag\u00e9 dans une d\u00e9marche syndicale au S.N.O.F (Syndicat National des Ost\u00e9opathes de France) depuis 2004 pour donner \u00e0 cette profession la place qui lui est due. Formation&nbsp; Baccalaur\u00e9at 1980 Dipl\u00f4me d\u2019Etat de Masseur Kin\u00e9sith\u00e9rapeute en 1985&nbsp; Coll\u00e8ge d\u2019ost\u00e9opathie ATMAN&nbsp; Dipl\u00f4mes [&hellip;]<\/p>\n","protected":false},"author":1,"featured_media":0,"parent":0,"menu_order":0,"comment_status":"closed","ping_status":"closed","template":"","meta":{"_uag_custom_page_level_css":"","_swt_meta_header_display":false,"_swt_meta_footer_display":false,"_swt_meta_site_title_display":false,"_swt_meta_sticky_header":false,"_swt_meta_transparent_header":false,"footnotes":""},"class_list":["post-62","page","type-page","status-publish","hentry"],"uagb_featured_image_src":{"full":false,"thumbnail":false,"medium":false,"medium_large":false,"large":false,"1536x1536":false,"2048x2048":false},"uagb_author_info":{"display_name":"hgaillard","author_link":"https:\/\/www.chercheurosteopathe.com\/index.php\/author\/hgaillard\/"},"uagb_comment_info":0,"uagb_excerpt":"Activit\u00e9 lib\u00e9rale d\u2019ost\u00e9opathe exclusive. (D\u00e9conventionn\u00e9 de la kin\u00e9sith\u00e9rapie depuis 1999 en devenant membre du R.O.F.). Engag\u00e9 dans une d\u00e9marche syndicale au S.N.O.F (Syndicat National des Ost\u00e9opathes de France) depuis 2004 pour donner \u00e0 cette profession la place qui lui est due. Formation&nbsp; Baccalaur\u00e9at 1980 Dipl\u00f4me d\u2019Etat de Masseur Kin\u00e9sith\u00e9rapeute en 1985&nbsp; Coll\u00e8ge d\u2019ost\u00e9opathie ATMAN&nbsp; Dipl\u00f4mes\u2026","_links":{"self":[{"href":"https:\/\/www.chercheurosteopathe.com\/index.php\/wp-json\/wp\/v2\/pages\/62","targetHints":{"allow":["GET"]}}],"collection":[{"href":"https:\/\/www.chercheurosteopathe.com\/index.php\/wp-json\/wp\/v2\/pages"}],"about":[{"href":"https:\/\/www.chercheurosteopathe.com\/index.php\/wp-json\/wp\/v2\/types\/page"}],"author":[{"embeddable":true,"href":"https:\/\/www.chercheurosteopathe.com\/index.php\/wp-json\/wp\/v2\/users\/1"}],"replies":[{"embeddable":true,"href":"https:\/\/www.chercheurosteopathe.com\/index.php\/wp-json\/wp\/v2\/comments?post=62"}],"version-history":[{"count":6,"href":"https:\/\/www.chercheurosteopathe.com\/index.php\/wp-json\/wp\/v2\/pages\/62\/revisions"}],"predecessor-version":[{"id":84,"href":"https:\/\/www.chercheurosteopathe.com\/index.php\/wp-json\/wp\/v2\/pages\/62\/revisions\/84"}],"wp:attachment":[{"href":"https:\/\/www.chercheurosteopathe.com\/index.php\/wp-json\/wp\/v2\/media?parent=62"}],"curies":[{"name":"wp","href":"https:\/\/api.w.org\/{rel}","templated":true}]}}