{"id":124,"date":"2023-06-16T12:19:39","date_gmt":"2023-06-16T10:19:39","guid":{"rendered":"http:\/\/new.chercheurosteopathe.com\/?page_id=124"},"modified":"2023-06-16T12:20:09","modified_gmt":"2023-06-16T10:20:09","slug":"adherer","status":"publish","type":"page","link":"https:\/\/www.chercheurosteopathe.com\/index.php\/adherer\/","title":{"rendered":"Adh\u00e9rer"},"content":{"rendered":"\n<div class=\"wp-block-group has-global-padding is-layout-constrained wp-block-group-is-layout-constrained\">\n<div class=\"wp-block-uagb-separator uagb-block-d834b93e\"><div class=\"wp-block-uagb-separator__inner\" style=\"--my-background-image:\"><\/div><\/div>\n\n\n\n<p>L\u2019adh\u00e9sion est ouverte \u00e0 toute personne d\u00e9sireuse d\u2019apporter sa pierre \u00e0 l\u2019\u00e9difice.<\/p>\n\n\n\n<p>En particulier, si vous \u00eates ost\u00e9opathe et que vous avez un projet d\u2019\u00e9tude, une \u00e9tude pilote, des id\u00e9es, l\u2019association doit nous permettre de les mener \u00e0 terme.<\/p>\n\n\n\n<p>La recherche en ost\u00e9opathie demeure la priorit\u00e9 de notre association.<\/p>\n\n\n\n<p>Nous en sommes au d\u00e9but de la cr\u00e9ation de l\u2019association qui compte une vingtaine d\u2019ost\u00e9opathes de r\u00e9gions diff\u00e9rentes.<\/p>\n\n\n\n<p>Des praticiens hospitaliers sont appel\u00e9s \u00e0 nous rejoindre ainsi que des statisticiens.<\/p>\n\n\n\n<p>Nous disposons chacun de nos r\u00e9seaux professionnels que nous nous devons d\u2019unir pour atteindre des \u00e9chantillons de population cons\u00e9quents.<\/p>\n\n\n\n<p>Le montant de la cotisation 2017 est de 60 euros.<\/p>\n\n\n\n<p>Pour les membres du SNOF ce montant est de 20 euros.<\/p>\n\n\n\n<p>Le bureau se renouvelle tous les 4 ans.<\/p>\n\n\n\n<p>Pr\u00e9sident: Herv\u00e9 GAILLARD<\/p>\n\n\n\n<p><a href=\"mailto:h.gaillard@orange.fr\">h.gaillard@orange.fr<\/a><\/p>\n\n\n\n<p>Tr\u00e9sorier: Romain DIOT<\/p>\n\n\n\n<p><a href=\"mailto:romaindiot@yahoo.fr\">romaindiot@yahoo.fr<\/a><\/p>\n\n\n\n<p>Secr\u00e9taire: Olivier POUMARAT<\/p>\n\n\n\n<p><a href=\"mailto:olivierpoumarat@free.fr\">olivierpoumarat@free.fr<\/a><\/p>\n<\/div>\n","protected":false},"excerpt":{"rendered":"<p>L\u2019adh\u00e9sion est ouverte \u00e0 toute personne d\u00e9sireuse d\u2019apporter sa pierre \u00e0 l\u2019\u00e9difice. En particulier, si vous \u00eates ost\u00e9opathe et que vous avez un projet d\u2019\u00e9tude, une \u00e9tude pilote, des id\u00e9es, l\u2019association doit nous permettre de les mener \u00e0 terme. La recherche en ost\u00e9opathie demeure la priorit\u00e9 de notre association. Nous en sommes au d\u00e9but de [&hellip;]<\/p>\n","protected":false},"author":1,"featured_media":0,"parent":0,"menu_order":0,"comment_status":"closed","ping_status":"closed","template":"","meta":{"_uag_custom_page_level_css":"","_swt_meta_header_display":false,"_swt_meta_footer_display":false,"_swt_meta_site_title_display":true,"_swt_meta_sticky_header":false,"_swt_meta_transparent_header":false,"footnotes":""},"class_list":["post-124","page","type-page","status-publish","hentry"],"uagb_featured_image_src":{"full":false,"thumbnail":false,"medium":false,"medium_large":false,"large":false,"1536x1536":false,"2048x2048":false},"uagb_author_info":{"display_name":"hgaillard","author_link":"https:\/\/www.chercheurosteopathe.com\/index.php\/author\/hgaillard\/"},"uagb_comment_info":0,"uagb_excerpt":"L\u2019adh\u00e9sion est ouverte \u00e0 toute personne d\u00e9sireuse d\u2019apporter sa pierre \u00e0 l\u2019\u00e9difice. En particulier, si vous \u00eates ost\u00e9opathe et que vous avez un projet d\u2019\u00e9tude, une \u00e9tude pilote, des id\u00e9es, l\u2019association doit nous permettre de les mener \u00e0 terme. La recherche en ost\u00e9opathie demeure la priorit\u00e9 de notre association. Nous en sommes au d\u00e9but de\u2026","_links":{"self":[{"href":"https:\/\/www.chercheurosteopathe.com\/index.php\/wp-json\/wp\/v2\/pages\/124","targetHints":{"allow":["GET"]}}],"collection":[{"href":"https:\/\/www.chercheurosteopathe.com\/index.php\/wp-json\/wp\/v2\/pages"}],"about":[{"href":"https:\/\/www.chercheurosteopathe.com\/index.php\/wp-json\/wp\/v2\/types\/page"}],"author":[{"embeddable":true,"href":"https:\/\/www.chercheurosteopathe.com\/index.php\/wp-json\/wp\/v2\/users\/1"}],"replies":[{"embeddable":true,"href":"https:\/\/www.chercheurosteopathe.com\/index.php\/wp-json\/wp\/v2\/comments?post=124"}],"version-history":[{"count":1,"href":"https:\/\/www.chercheurosteopathe.com\/index.php\/wp-json\/wp\/v2\/pages\/124\/revisions"}],"predecessor-version":[{"id":125,"href":"https:\/\/www.chercheurosteopathe.com\/index.php\/wp-json\/wp\/v2\/pages\/124\/revisions\/125"}],"wp:attachment":[{"href":"https:\/\/www.chercheurosteopathe.com\/index.php\/wp-json\/wp\/v2\/media?parent=124"}],"curies":[{"name":"wp","href":"https:\/\/api.w.org\/{rel}","templated":true}]}}