{"id":119,"date":"2023-06-16T12:14:28","date_gmt":"2023-06-16T10:14:28","guid":{"rendered":"http:\/\/new.chercheurosteopathe.com\/?page_id=119"},"modified":"2024-04-16T08:56:16","modified_gmt":"2024-04-16T06:56:16","slug":"pourquoi","status":"publish","type":"page","link":"https:\/\/www.chercheurosteopathe.com\/index.php\/pourquoi\/","title":{"rendered":"Pourquoi l&rsquo;APERO"},"content":{"rendered":"\n<div class=\"wp-block-group has-global-padding is-layout-constrained wp-block-group-is-layout-constrained\">\n<div class=\"wp-block-uagb-separator uagb-block-f04c2807\"><div class=\"wp-block-uagb-separator__inner\" style=\"--my-background-image:\"><\/div><\/div>\n\n\n\n<p>Mise au point du pr\u00e9sident, Herv\u00e9 GAILLARD:<\/p>\n\n\n\n<h6 class=\"wp-block-heading\">Nous avons choisi de cr\u00e9er l&rsquo;association \u00ab\u00a0APERO\u00a0\u00bb pour trois raisons :<\/h6>\n\n\n\n<p>1) Notre m\u00e9decine ost\u00e9opathique manque de cr\u00e9dibilit\u00e9 compar\u00e9e \u00e0 la m\u00e9decine conventionnelle qui est organis\u00e9e scientifiquement (elle base la validation de son discours et de ses axes sur la recherche et la publication de ces travaux). Pour les chercheurs en m\u00e9decine, seul ce qui est publi\u00e9 existe !<\/p>\n\n\n\n<p>A contrario, les arcanes de la m\u00e9decine ost\u00e9opathique reposent sur des fondements l\u00e9gu\u00e9s au fil des g\u00e9n\u00e9rations.<\/p>\n\n\n\n<p>Il est donc n\u00e9cessaire que nous adoptions, dans la mesure du possible, des m\u00e9thodes similaires si nous voulons que nos recherches soient valid\u00e9es par tous.<\/p>\n\n\n\n<p>2) Personnellement, je fais du compagnonnage afin d\u2019aider des jeunes dipl\u00f4m\u00e9s en ost\u00e9opathie \u00e0 progresser et \u00e0 acqu\u00e9rir leur propre personnalit\u00e9 professionnelle.<\/p>\n\n\n\n<p>Cette \u00ab\u00a0\u00e9cole du toucher\u00a0\u00bb consiste \u00e0 leur transmettre ce que j&rsquo;ai appris et exp\u00e9riment\u00e9, essayer de leur faire ressentir plut\u00f4t que d&rsquo;appliquer ce qu&rsquo;ils ont appris.<\/p>\n\n\n\n<p>En \u00e9change, je demande \u00e0 mon stagiaire de faire une \u00e9tude sur un th\u00e8me choisi en commun, ceci dans le but de donner une coh\u00e9rence et un fil conducteur \u00e0 son stage, mais aussi la possibilit\u00e9 de publier et de communiquer sur notre travail.<\/p>\n\n\n\n<p>En 2011 et 2012, sous l&rsquo;\u00e9gide du SNOF, nous avons organis\u00e9 un symposium sur les savoirs partag\u00e9s entre ost\u00e9opathie, orthop\u00e9die et p\u00e9diatrie sur le th\u00e8me de la RGO des nourrissons.<\/p>\n\n\n\n<p>3) L&rsquo;objectif de ces travaux est de justifier et de quantifier notre savoir faire.<\/p>\n\n\n\n<p>La formation que j&rsquo;ai re\u00e7ue de Robert MESL\u00c9 en 2007 \u00e0 l&rsquo;Acad\u00e9mie d&rsquo;Ost\u00e9opathie sur la \u00ab\u00a0m\u00e9thodologie de recherche clinique appliqu\u00e9e \u00e0 l&rsquo;ost\u00e9opathie\u00a0\u00bb m&rsquo;a permis d\u2019avoir la possibilit\u00e9 de quantifier mes recherches.<\/p>\n\n\n\n<p>Au sortir de cette formation, j&rsquo;\u00e9tais partag\u00e9 entre deux sensations :<\/p>\n\n\n\n<p>\u00d8 Ce que l&rsquo;on venait de m&rsquo;enseigner demandait une telle rigueur que cela paraissait impossible \u00e0 mettre en pratique tant le niveau de validation demand\u00e9 \u00e9tait pr\u00e9cis. Randomisation, score, cohorte, pertinence, faisabilit\u00e9, recrutement, r\u00e9f\u00e9rences, tout ce nouveau vocabulaire reste \u00e0 int\u00e9grer dans nos travaux.<\/p>\n\n\n\n<p>\u00d8 En m\u00eame temps, sur les douze \u00e9l\u00e8ves de cette formation, je fus le seul \u00e0 pouvoir fournir un sujet de recherche en ost\u00e9opathie qui soit r\u00e9alisable.<\/p>\n\n\n\n<p>En effet, c&rsquo;est au cours de cette formation que j&rsquo;ai tent\u00e9 de prendre comme exemple la pertinence d&rsquo;une recherche sur les r\u00e9percussions sur le bassin apr\u00e8s pose de proth\u00e8se de hanche par le Docteur ARLAUD sur des patients atteints de douleurs sacro-iliaques.<\/p>\n\n\n\n<p>Celle-ci a permis de quantifier nos r\u00e9sultats sur 30 cas de patients atteints de sacro-il\u00e9ites du c\u00f4t\u00e9 du membre op\u00e9r\u00e9 (pour une PTH par voie post\u00e9rieure). En assistant \u00e0 plusieurs interventions, nous avons pu faire le lien avec la luxation de hanche (n\u00e9cessaire \u00e0 l&rsquo;insertion de la proth\u00e8se) et l\u2019inflammation.<\/p>\n\n\n\n<p>Le Docteur ARLAUD s&rsquo;est servi de ce constat pour changer sa fa\u00e7on d&rsquo;op\u00e9rer. A ce jour, il proc\u00e8de \u00e0 l&rsquo;extraction de la t\u00eate du f\u00e9mur par traction au tire-bouchon apr\u00e8s section du col.<\/p>\n\n\n\n<p>Les nouvelles \u00e9tudes faites par notre association vous seront propos\u00e9es lors de prochains symposiums. En Octobre 2013, \u00e0 Marseille, sont pr\u00e9vues trois \u00e9tudes :<\/p>\n\n\n\n<p>l Les cons\u00e9quences sur le bassin de la pose de proth\u00e8se de hanche par voie ant\u00e9rieure<\/p>\n\n\n\n<p>vues par l&rsquo;ost\u00e9opathe.<\/p>\n\n\n\n<p>l La pertinence du soin ost\u00e9opathique sur des patients dont la l\u00e9sion de l&rsquo;\u00e9paule n&rsquo;est pas<\/p>\n\n\n\n<p>du ressort de la chirurgie.<\/p>\n\n\n\n<p>l Le genou douloureux de l&rsquo;enfant et de l&rsquo;adolescent.<\/p>\n\n\n\n<p>Cette association sera bien portante si elle r\u00e9unit le plus grand nombre de gens, intervenants ou sympathisants.<\/p>\n\n\n\n<p>Elle peut recevoir des dons dans le but de faire de la recherche en ost\u00e9opathie.<\/p>\n\n\n\n<p>Une \u00e9tude \u00e0 grande \u00e9chelle sur le Wiplash est en gestation.<\/p>\n\n\n\n<p>Nous avons besoin de toutes les bonnes volont\u00e9s pour la mettre en place \u2026<\/p>\n\n\n\n<p>Dans nos cartons nous avons une \u00e9tude prospective sur 148 nourrissons atteins de RGO traite en ost\u00e9opathie qui ont abouti \u00e0 un m\u00e9moire et une \u00e9tude accord\u00e9e par le comit\u00e9 d\u2019\u00e9thique de la Timone \u00e0 Marseille.<\/p>\n\n\n\n<p>Enfin se termine un m\u00e9moire issu d\u2019une \u00e9tude quantifi\u00e9e sur 140 nourrissons souffrant de plagioc\u00e9phalie trait\u00e9e en ost\u00e9opathie en PMI a Marseille depuis 2015<\/p>\n<\/div>\n","protected":false},"excerpt":{"rendered":"<p>Mise au point du pr\u00e9sident, Herv\u00e9 GAILLARD: Nous avons choisi de cr\u00e9er l&rsquo;association \u00ab\u00a0APERO\u00a0\u00bb pour trois raisons : 1) Notre m\u00e9decine ost\u00e9opathique manque de cr\u00e9dibilit\u00e9 compar\u00e9e \u00e0 la m\u00e9decine conventionnelle qui est organis\u00e9e scientifiquement (elle base la validation de son discours et de ses axes sur la recherche et la publication de ces travaux). Pour [&hellip;]<\/p>\n","protected":false},"author":1,"featured_media":0,"parent":0,"menu_order":0,"comment_status":"closed","ping_status":"closed","template":"","meta":{"_uag_custom_page_level_css":"","_swt_meta_header_display":false,"_swt_meta_footer_display":false,"_swt_meta_site_title_display":true,"_swt_meta_sticky_header":false,"_swt_meta_transparent_header":false,"footnotes":""},"class_list":["post-119","page","type-page","status-publish","hentry"],"uagb_featured_image_src":{"full":false,"thumbnail":false,"medium":false,"medium_large":false,"large":false,"1536x1536":false,"2048x2048":false},"uagb_author_info":{"display_name":"hgaillard","author_link":"https:\/\/www.chercheurosteopathe.com\/index.php\/author\/hgaillard\/"},"uagb_comment_info":0,"uagb_excerpt":"Mise au point du pr\u00e9sident, Herv\u00e9 GAILLARD: Nous avons choisi de cr\u00e9er l&rsquo;association \u00ab\u00a0APERO\u00a0\u00bb pour trois raisons : 1) Notre m\u00e9decine ost\u00e9opathique manque de cr\u00e9dibilit\u00e9 compar\u00e9e \u00e0 la m\u00e9decine conventionnelle qui est organis\u00e9e scientifiquement (elle base la validation de son discours et de ses axes sur la recherche et la publication de ces travaux). Pour\u2026","_links":{"self":[{"href":"https:\/\/www.chercheurosteopathe.com\/index.php\/wp-json\/wp\/v2\/pages\/119","targetHints":{"allow":["GET"]}}],"collection":[{"href":"https:\/\/www.chercheurosteopathe.com\/index.php\/wp-json\/wp\/v2\/pages"}],"about":[{"href":"https:\/\/www.chercheurosteopathe.com\/index.php\/wp-json\/wp\/v2\/types\/page"}],"author":[{"embeddable":true,"href":"https:\/\/www.chercheurosteopathe.com\/index.php\/wp-json\/wp\/v2\/users\/1"}],"replies":[{"embeddable":true,"href":"https:\/\/www.chercheurosteopathe.com\/index.php\/wp-json\/wp\/v2\/comments?post=119"}],"version-history":[{"count":4,"href":"https:\/\/www.chercheurosteopathe.com\/index.php\/wp-json\/wp\/v2\/pages\/119\/revisions"}],"predecessor-version":[{"id":179,"href":"https:\/\/www.chercheurosteopathe.com\/index.php\/wp-json\/wp\/v2\/pages\/119\/revisions\/179"}],"wp:attachment":[{"href":"https:\/\/www.chercheurosteopathe.com\/index.php\/wp-json\/wp\/v2\/media?parent=119"}],"curies":[{"name":"wp","href":"https:\/\/api.w.org\/{rel}","templated":true}]}}