{"id":110,"date":"2023-06-16T12:06:37","date_gmt":"2023-06-16T10:06:37","guid":{"rendered":"http:\/\/new.chercheurosteopathe.com\/?page_id=110"},"modified":"2024-04-16T08:55:27","modified_gmt":"2024-04-16T06:55:27","slug":"bienvenue","status":"publish","type":"page","link":"https:\/\/www.chercheurosteopathe.com\/index.php\/bienvenue\/","title":{"rendered":"Association\u00a0Pour l\u2019Enseignement et la\u00a0Recherche en Ost\u00e9opathie\u00a0\u00a0\u00a0\u00a0\u00a0\u00a0\u00a0\u00a0"},"content":{"rendered":"\n<div class=\"wp-block-group has-global-padding is-layout-constrained wp-block-group-is-layout-constrained\">\n<h5 class=\"wp-block-heading\">Association enregistr\u00e9e \u00e0 la pr\u00e9fecture des B-D-R n\u00b0 w133018607<\/h5>\n\n\n\n<h6 class=\"wp-block-heading\">Siret 788 751 626 00011<\/h6>\n\n\n\n<h6 class=\"wp-block-heading\">Num\u00e9ro de d\u00e9claration de formation continue : 93 13 14795 13 aupr\u00e8s de la D.I.R.E.C.C.T.E<\/h6>\n\n\n\n<div class=\"wp-block-uagb-separator uagb-block-fc01fc54\"><div class=\"wp-block-uagb-separator__inner\" style=\"--my-background-image:\"><\/div><\/div>\n\n\n\n<p>&nbsp;&nbsp;&nbsp;<strong>SOINS OSTEOPATHIQUES EN P.M.I. EN 2019 :<\/strong><\/p>\n\n\n\n<p>L\u2019 APERO avec le Conseil G\u00e9n\u00e9ral des Bouches-du-Rh\u00f4nes instaure des consultations d\u2019Ost\u00e9opathie au sein d\u2019un nouveau centre de Protection Maternelle Infantile \u00e0 la Belle de Mai \u00e0 Marseille.<\/p>\n\n\n\n<p>La PMI JOLIETTE avec AOP&amp;P de Philippe MAHE continue \u00e9galement.<\/p>\n\n\n\n<p>La quantification choisie pour notre recheche se fait sur les plagioc\u00e9phalies<\/p>\n\n\n\n<p>Les Dr Scavarda et Pech Gourg, neurochirurgiens p\u00e9diatriques, s\u2019associent \u00e0 notre travail.<\/p>\n\n\n\n<div class=\"wp-block-uagb-separator uagb-block-5ca717f2\"><div class=\"wp-block-uagb-separator__inner\" style=\"--my-background-image:\"><\/div><\/div>\n\n\n\n<p>&nbsp;Nous consid\u00e9rons l\u2019Ost\u00e9opathie comme une et indivisible, telle que la con\u00e7oit le concept stillien.<\/p>\n\n\n\n<p>Enseignement en Ost\u00e9opathie:<\/p>\n\n\n\n<p>Nous plaidons en faveur du&nbsp;<strong>compagnonnage<\/strong>, c\u2019est \u00e0 dire recevoir dans nos cabinets des \u00e9tudiants en fin de cycle ou des jeunes dipl\u00f4m\u00e9s.<\/p>\n\n\n\n<p>Nous voulons proposer un entrainement \u00e0 l\u2019\u00e9cole du toucher.<\/p>\n\n\n\n<p>Recherche en Ost\u00e9opathie:<\/p>\n\n\n\n<p>Notre priorit\u00e9 est de&nbsp;<strong>quantifier<\/strong>&nbsp;les r\u00e9sultats de traitements ost\u00e9opathiques.<\/p>\n\n\n\n<p>Nous souhaitons une \u00e9volution scientifique de l\u2019Ost\u00e9opathie en essayant d\u2019\u00e9tablir des niveaux de preuves et en remettant les dogmes en question.<\/p>\n\n\n\n<p>Nous tenterons de r\u00e9pondre aux biais m\u00e9thodologiques propres \u00e0 l\u2019Ost\u00e9opathie.<\/p>\n<\/div>\n","protected":false},"excerpt":{"rendered":"<p>Association enregistr\u00e9e \u00e0 la pr\u00e9fecture des B-D-R n\u00b0 w133018607 Siret 788 751 626 00011 Num\u00e9ro de d\u00e9claration de formation continue : 93 13 14795 13 aupr\u00e8s de la D.I.R.E.C.C.T.E &nbsp;&nbsp;&nbsp;SOINS OSTEOPATHIQUES EN P.M.I. EN 2019 : L\u2019 APERO avec le Conseil G\u00e9n\u00e9ral des Bouches-du-Rh\u00f4nes instaure des consultations d\u2019Ost\u00e9opathie au sein d\u2019un nouveau centre de Protection [&hellip;]<\/p>\n","protected":false},"author":1,"featured_media":0,"parent":0,"menu_order":0,"comment_status":"closed","ping_status":"closed","template":"","meta":{"_uag_custom_page_level_css":"","_swt_meta_header_display":false,"_swt_meta_footer_display":false,"_swt_meta_site_title_display":false,"_swt_meta_sticky_header":false,"_swt_meta_transparent_header":false,"footnotes":""},"class_list":["post-110","page","type-page","status-publish","hentry"],"uagb_featured_image_src":{"full":false,"thumbnail":false,"medium":false,"medium_large":false,"large":false,"1536x1536":false,"2048x2048":false},"uagb_author_info":{"display_name":"hgaillard","author_link":"https:\/\/www.chercheurosteopathe.com\/index.php\/author\/hgaillard\/"},"uagb_comment_info":0,"uagb_excerpt":"Association enregistr\u00e9e \u00e0 la pr\u00e9fecture des B-D-R n\u00b0 w133018607 Siret 788 751 626 00011 Num\u00e9ro de d\u00e9claration de formation continue : 93 13 14795 13 aupr\u00e8s de la D.I.R.E.C.C.T.E &nbsp;&nbsp;&nbsp;SOINS OSTEOPATHIQUES EN P.M.I. EN 2019 : L\u2019 APERO avec le Conseil G\u00e9n\u00e9ral des Bouches-du-Rh\u00f4nes instaure des consultations d\u2019Ost\u00e9opathie au sein d\u2019un nouveau centre de Protection\u2026","_links":{"self":[{"href":"https:\/\/www.chercheurosteopathe.com\/index.php\/wp-json\/wp\/v2\/pages\/110","targetHints":{"allow":["GET"]}}],"collection":[{"href":"https:\/\/www.chercheurosteopathe.com\/index.php\/wp-json\/wp\/v2\/pages"}],"about":[{"href":"https:\/\/www.chercheurosteopathe.com\/index.php\/wp-json\/wp\/v2\/types\/page"}],"author":[{"embeddable":true,"href":"https:\/\/www.chercheurosteopathe.com\/index.php\/wp-json\/wp\/v2\/users\/1"}],"replies":[{"embeddable":true,"href":"https:\/\/www.chercheurosteopathe.com\/index.php\/wp-json\/wp\/v2\/comments?post=110"}],"version-history":[{"count":5,"href":"https:\/\/www.chercheurosteopathe.com\/index.php\/wp-json\/wp\/v2\/pages\/110\/revisions"}],"predecessor-version":[{"id":178,"href":"https:\/\/www.chercheurosteopathe.com\/index.php\/wp-json\/wp\/v2\/pages\/110\/revisions\/178"}],"wp:attachment":[{"href":"https:\/\/www.chercheurosteopathe.com\/index.php\/wp-json\/wp\/v2\/media?parent=110"}],"curies":[{"name":"wp","href":"https:\/\/api.w.org\/{rel}","templated":true}]}}